{"id":151,"date":"2020-11-01T10:19:39","date_gmt":"2020-11-01T10:19:39","guid":{"rendered":"http:\/\/borbanya.dnyem.hu\/?page_id=151"},"modified":"2021-03-06T16:56:24","modified_gmt":"2021-03-06T16:56:24","slug":"elerhetoseg","status":"publish","type":"page","link":"https:\/\/borbanya.dnyem.hu\/index.php\/elerhetoseg\/","title":{"rendered":"El\u00e9rhet\u0151s\u00e9g"},"content":{"rendered":"\n<p><strong>C\u00edm<\/strong>:<br>\n4405 Ny\u00edregyh\u00e1za-Borb\u00e1nya, P\u00e1sztor utca 1\/a.<\/p>\n\n\n\n<p><\/p>\n\n\n\n<p><strong>E-mail:<\/strong><br>\n<a href=\"mailto:borbanyaplebania@dnyem.hu\" target=\"_blank\" rel=\"noreferrer noopener\">borbanyaplebania@dnyem.hu<\/a><\/p>\n\n\n\n<p><strong>Facebook:<\/strong><br>\n<a href=\"https:\/\/www.facebook.com\/Szent-L%C3%A1szl%C3%B3-R%C3%B3mai-Katolikus-Templom-110031543871321\/about\/?ref=page_internal\">https:\/\/www.facebook.com\/Szent-L%C3%A1szl%C3%B3-R%C3%B3mai-Katolikus-Templom-110031543871321\/about\/?ref=page_internal<\/a><\/p>\n\n\n\n<p><iframe loading=\"lazy\" src=\"https:\/\/www.google.com\/maps\/embed?pb=!1m18!1m12!1m3!1d2673.059510112269!2d21.754154515641936!3d47.93523257920777!2m3!1f0!2f0!3f0!3m2!1i1024!2i768!4f13.1!3m3!1m2!1s0x47389e3c92846e93%3A0x44bdb04e411e692!2zTnnDrXJlZ3low6F6aSBTemVudCBMw6FzemzDsyB0ZW1wbG9t!5e0!3m2!1shu!2shu!4v1604229598006!5m2!1shu!2shu\" style=\"border:0;\" allowfullscreen=\"\" aria-hidden=\"false\" tabindex=\"0\" width=\"600\" height=\"450\" frameborder=\"0\"><\/p><\/iframe><\/p>\n","protected":false},"excerpt":{"rendered":"<p>C\u00edm: 4405 Ny\u00edregyh\u00e1za-Borb\u00e1nya, P\u00e1sztor utca 1\/a. E-mail: borbanyaplebania@dnyem.hu Facebook: https:\/\/www.facebook.com\/Szent-L%C3%A1szl%C3%B3-R%C3%B3mai-Katolikus-Templom-110031543871321\/about\/?ref=page_internal<\/p>\n","protected":false},"author":2,"featured_media":85,"parent":0,"menu_order":0,"comment_status":"closed","ping_status":"closed","template":"","meta":{"footnotes":""},"_links":{"self":[{"href":"https:\/\/borbanya.dnyem.hu\/index.php\/wp-json\/wp\/v2\/pages\/151"}],"collection":[{"href":"https:\/\/borbanya.dnyem.hu\/index.php\/wp-json\/wp\/v2\/pages"}],"about":[{"href":"https:\/\/borbanya.dnyem.hu\/index.php\/wp-json\/wp\/v2\/types\/page"}],"author":[{"embeddable":true,"href":"https:\/\/borbanya.dnyem.hu\/index.php\/wp-json\/wp\/v2\/users\/2"}],"replies":[{"embeddable":true,"href":"https:\/\/borbanya.dnyem.hu\/index.php\/wp-json\/wp\/v2\/comments?post=151"}],"version-history":[{"count":10,"href":"https:\/\/borbanya.dnyem.hu\/index.php\/wp-json\/wp\/v2\/pages\/151\/revisions"}],"predecessor-version":[{"id":214,"href":"https:\/\/borbanya.dnyem.hu\/index.php\/wp-json\/wp\/v2\/pages\/151\/revisions\/214"}],"wp:featuredmedia":[{"embeddable":true,"href":"https:\/\/borbanya.dnyem.hu\/index.php\/wp-json\/wp\/v2\/media\/85"}],"wp:attachment":[{"href":"https:\/\/borbanya.dnyem.hu\/index.php\/wp-json\/wp\/v2\/media?parent=151"}],"curies":[{"name":"wp","href":"https:\/\/api.w.org\/{rel}","templated":true}]}}