{"id":150,"date":"2020-11-01T10:19:38","date_gmt":"2020-11-01T10:19:38","guid":{"rendered":"http:\/\/borbanya.dnyem.hu\/?page_id=150"},"modified":"2020-11-01T11:51:18","modified_gmt":"2020-11-01T11:51:18","slug":"rolunk","status":"publish","type":"page","link":"https:\/\/borbanya.dnyem.hu\/index.php\/rolunk\/","title":{"rendered":"R\u00f3lunk"},"content":{"rendered":"\n<p>A borb\u00e1nyai egyh\u00e1zk\u00f6z\u00f6ss\u00e9g a r\u00f3mai \u00e9s g\u00f6r\u00f6g katolikus h\u00edvek 1987-ben \u00e9p\u00edtett\u00e9k k\u00f6z\u00f6sen k\u00f6zadakoz\u00e1sb\u00f3l a templomot. A templom \u00e9vtizedekig a Ny\u00edregyh\u00e1zi Magyarok Nagyasszonya-t\u00e1rssz\u00e9kesegyh\u00e1z fili\u00e1jak\u00e9nt m\u0171k\u00f6d\u00f6tt, \u00e9s 2020. augusztus 1-t\u0151l m\u0171k\u00f6dik \u00f6n\u00e1ll\u00f3 pl\u00e9b\u00e1niak\u00e9nt.<\/p>\n\n\n\n<p><\/p>\n","protected":false},"excerpt":{"rendered":"<p>A borb\u00e1nyai egyh\u00e1zk\u00f6z\u00f6ss\u00e9g a r\u00f3mai \u00e9s g\u00f6r\u00f6g katolikus h\u00edvek 1987-ben \u00e9p\u00edtett\u00e9k k\u00f6z\u00f6sen k\u00f6zadakoz\u00e1sb\u00f3l a templomot. A templom \u00e9vtizedekig a Ny\u00edregyh\u00e1zi Magyarok Nagyasszonya-t\u00e1rssz\u00e9kesegyh\u00e1z fili\u00e1jak\u00e9nt m\u0171k\u00f6d\u00f6tt, \u00e9s 2020. augusztus 1-t\u0151l m\u0171k\u00f6dik \u00f6n\u00e1ll\u00f3 pl\u00e9b\u00e1niak\u00e9nt.<\/p>\n","protected":false},"author":2,"featured_media":89,"parent":0,"menu_order":0,"comment_status":"closed","ping_status":"closed","template":"","meta":{"footnotes":""},"_links":{"self":[{"href":"https:\/\/borbanya.dnyem.hu\/index.php\/wp-json\/wp\/v2\/pages\/150"}],"collection":[{"href":"https:\/\/borbanya.dnyem.hu\/index.php\/wp-json\/wp\/v2\/pages"}],"about":[{"href":"https:\/\/borbanya.dnyem.hu\/index.php\/wp-json\/wp\/v2\/types\/page"}],"author":[{"embeddable":true,"href":"https:\/\/borbanya.dnyem.hu\/index.php\/wp-json\/wp\/v2\/users\/2"}],"replies":[{"embeddable":true,"href":"https:\/\/borbanya.dnyem.hu\/index.php\/wp-json\/wp\/v2\/comments?post=150"}],"version-history":[{"count":2,"href":"https:\/\/borbanya.dnyem.hu\/index.php\/wp-json\/wp\/v2\/pages\/150\/revisions"}],"predecessor-version":[{"id":188,"href":"https:\/\/borbanya.dnyem.hu\/index.php\/wp-json\/wp\/v2\/pages\/150\/revisions\/188"}],"wp:featuredmedia":[{"embeddable":true,"href":"https:\/\/borbanya.dnyem.hu\/index.php\/wp-json\/wp\/v2\/media\/89"}],"wp:attachment":[{"href":"https:\/\/borbanya.dnyem.hu\/index.php\/wp-json\/wp\/v2\/media?parent=150"}],"curies":[{"name":"wp","href":"https:\/\/api.w.org\/{rel}","templated":true}]}}