{"id":149,"date":"2020-11-01T10:19:38","date_gmt":"2020-11-01T10:19:38","guid":{"rendered":"http:\/\/borbanya.dnyem.hu\/?page_id=149"},"modified":"2020-11-01T11:43:00","modified_gmt":"2020-11-01T11:43:00","slug":"kezdolap","status":"publish","type":"page","link":"https:\/\/borbanya.dnyem.hu\/","title":{"rendered":"Kezd\u0151lap"},"content":{"rendered":"\n<p><p><strong>\u00dcdv\u00f6z\u00f6lj\u00fck a Borb\u00e1nyai R\u00f3mai Katolikus Pl\u00e9b\u00e1nia honlapj\u00e1n!<\/strong><br>\nAz oldal c\u00e9lja a h\u00edvek t\u00e1j\u00e9koztat\u00e1sa, \u00e9s hit\u00e9let\u00e9nek t\u00e1mogat\u00e1sa.<\/p>\n<p>Az \u00f6n\u00e1ll\u00f3 pl\u00e9b\u00e1nia 2020. augusztus 1-\u00e9vel j\u00f6tt l\u00e9tre.<br>\nPl\u00e9b\u00e1nosunk Csord\u00e1s G\u00e1bor atya.<\/p><\/p>\n","protected":false},"excerpt":{"rendered":"<p>\u00dcdv\u00f6z\u00f6lj\u00fck a Borb\u00e1nyai R\u00f3mai Katolikus Pl\u00e9b\u00e1nia honlapj\u00e1n! Az oldal c\u00e9lja a h\u00edvek t\u00e1j\u00e9koztat\u00e1sa, \u00e9s hit\u00e9let\u00e9nek t\u00e1mogat\u00e1sa. Az \u00f6n\u00e1ll\u00f3 pl\u00e9b\u00e1nia 2020. augusztus 1-\u00e9vel j\u00f6tt l\u00e9tre. Pl\u00e9b\u00e1nosunk Csord\u00e1s G\u00e1bor atya.<\/p>\n","protected":false},"author":2,"featured_media":0,"parent":0,"menu_order":0,"comment_status":"closed","ping_status":"closed","template":"","meta":{"footnotes":""},"_links":{"self":[{"href":"https:\/\/borbanya.dnyem.hu\/index.php\/wp-json\/wp\/v2\/pages\/149"}],"collection":[{"href":"https:\/\/borbanya.dnyem.hu\/index.php\/wp-json\/wp\/v2\/pages"}],"about":[{"href":"https:\/\/borbanya.dnyem.hu\/index.php\/wp-json\/wp\/v2\/types\/page"}],"author":[{"embeddable":true,"href":"https:\/\/borbanya.dnyem.hu\/index.php\/wp-json\/wp\/v2\/users\/2"}],"replies":[{"embeddable":true,"href":"https:\/\/borbanya.dnyem.hu\/index.php\/wp-json\/wp\/v2\/comments?post=149"}],"version-history":[{"count":2,"href":"https:\/\/borbanya.dnyem.hu\/index.php\/wp-json\/wp\/v2\/pages\/149\/revisions"}],"predecessor-version":[{"id":186,"href":"https:\/\/borbanya.dnyem.hu\/index.php\/wp-json\/wp\/v2\/pages\/149\/revisions\/186"}],"wp:attachment":[{"href":"https:\/\/borbanya.dnyem.hu\/index.php\/wp-json\/wp\/v2\/media?parent=149"}],"curies":[{"name":"wp","href":"https:\/\/api.w.org\/{rel}","templated":true}]}}